{"id":84,"date":"2024-06-17T10:25:36","date_gmt":"2024-06-17T08:25:36","guid":{"rendered":"https:\/\/klessinger.at\/?page_id=84"},"modified":"2025-03-09T17:20:11","modified_gmt":"2025-03-09T16:20:11","slug":"weine","status":"publish","type":"page","link":"https:\/\/klessinger.at\/index.php\/weine\/","title":{"rendered":"Unsere Weine"},"content":{"rendered":"\t\t<div data-elementor-type=\"wp-page\" data-elementor-id=\"84\" class=\"elementor elementor-84\">\n\t\t\t\t<div class=\"elementor-element elementor-element-9c6c503 e-flex e-con-boxed e-con e-parent\" data-id=\"9c6c503\" data-element_type=\"container\" data-e-type=\"container\">\n\t\t\t\t\t<div class=\"e-con-inner\">\n\t\t\t\t<div class=\"elementor-element elementor-element-8391b18 elementor-widget elementor-widget-heading\" data-id=\"8391b18\" data-element_type=\"widget\" data-e-type=\"widget\" data-widget_type=\"heading.default\">\n\t\t\t\t<div class=\"elementor-widget-container\">\n\t\t\t\t\t<h2 class=\"elementor-heading-title elementor-size-default\">Unsere Weine<\/h2>\t\t\t\t<\/div>\n\t\t\t\t<\/div>\n\t\t\t\t<div class=\"elementor-element elementor-element-efc5830 elementor-widget elementor-widget-text-editor\" data-id=\"efc5830\" data-element_type=\"widget\" data-e-type=\"widget\" data-widget_type=\"text-editor.default\">\n\t\t\t\t<div class=\"elementor-widget-container\">\n\t\t\t\t\t\t\t\t\t<p>Entdecken Sie die einzigartigen Weine des Weinguts Klessinger. Jeder Wein aus unserem Sortiment erz\u00e4hlt die reiche Geschichte der Seefahrt unseres Gr\u00fcnders Andreas und seiner Leidenschaft f\u00fcr die Weinherstellung. Hier finden Sie eine Liste unserer aktuellen Weine. Z\u00f6gern Sie nicht, uns zu kontaktieren, wenn Sie an einem unserer Weine interessiert sind oder eine Empfehlung w\u00fcnschen.<\/p>\t\t\t\t\t\t\t\t<\/div>\n\t\t\t\t<\/div>\n\t\t\t\t\t<\/div>\n\t\t\t\t<\/div>\n\t\t<div class=\"elementor-element elementor-element-1464ca6 e-flex e-con-boxed e-con e-parent\" data-id=\"1464ca6\" data-element_type=\"container\" data-e-type=\"container\">\n\t\t\t\t\t<div class=\"e-con-inner\">\n\t\t\t\t<div class=\"elementor-element elementor-element-9724277 gallery-spacing-custom elementor-widget elementor-widget-image-gallery\" data-id=\"9724277\" data-element_type=\"widget\" data-e-type=\"widget\" data-widget_type=\"image-gallery.default\">\n\t\t\t\t<div class=\"elementor-widget-container\">\n\t\t\t\t\t\t\t<div class=\"elementor-image-gallery\">\n\t\t\t<div id='gallery-1' class='gallery galleryid-84 gallery-columns-3 gallery-size-1536x1536'><figure class='gallery-item'>\n\t\t\t<div class='gallery-icon portrait'>\n\t\t\t\t<a data-elementor-open-lightbox=\"yes\" data-elementor-lightbox-slideshow=\"9724277\" data-elementor-lightbox-title=\"Sauvignon Blanc\" data-e-action-hash=\"#elementor-action%3Aaction%3Dlightbox%26settings%3DeyJpZCI6MTE5LCJ1cmwiOiJodHRwczpcL1wva2xlc3Npbmdlci5hdFwvd3AtY29udGVudFwvdXBsb2Fkc1wvMjAyNFwvMDZcL0RTQzIwMTgtc2NhbGVkLmpwZyIsInNsaWRlc2hvdyI6Ijk3MjQyNzcifQ%3D%3D\" href='https:\/\/klessinger.at\/wp-content\/uploads\/2024\/06\/DSC2018-scaled.jpg'><img fetchpriority=\"high\" decoding=\"async\" width=\"1018\" height=\"1536\" src=\"https:\/\/klessinger.at\/wp-content\/uploads\/2024\/06\/DSC2018-1018x1536.jpg\" class=\"attachment-1536x1536 size-1536x1536\" alt=\"\" aria-describedby=\"gallery-1-119\" srcset=\"https:\/\/klessinger.at\/wp-content\/uploads\/2024\/06\/DSC2018-1018x1536.jpg 1018w, https:\/\/klessinger.at\/wp-content\/uploads\/2024\/06\/DSC2018-199x300.jpg 199w, https:\/\/klessinger.at\/wp-content\/uploads\/2024\/06\/DSC2018-679x1024.jpg 679w, https:\/\/klessinger.at\/wp-content\/uploads\/2024\/06\/DSC2018-768x1159.jpg 768w, https:\/\/klessinger.at\/wp-content\/uploads\/2024\/06\/DSC2018-1357x2048.jpg 1357w, https:\/\/klessinger.at\/wp-content\/uploads\/2024\/06\/DSC2018-scaled.jpg 1697w\" sizes=\"100vw\" \/><\/a>\n\t\t\t<\/div>\n\t\t\t\t<figcaption class='wp-caption-text gallery-caption' id='gallery-1-119'>\n\t\t\t\tSauvignon Blanc 9,50 \u20ac\n\t\t\t\t<\/figcaption><\/figure><figure class='gallery-item'>\n\t\t\t<div class='gallery-icon portrait'>\n\t\t\t\t<a data-elementor-open-lightbox=\"yes\" data-elementor-lightbox-slideshow=\"9724277\" data-elementor-lightbox-title=\"Riesling\" data-e-action-hash=\"#elementor-action%3Aaction%3Dlightbox%26settings%3DeyJpZCI6MTE4LCJ1cmwiOiJodHRwczpcL1wva2xlc3Npbmdlci5hdFwvd3AtY29udGVudFwvdXBsb2Fkc1wvMjAyNFwvMDZcL0RTQzIwMDAtc2NhbGVkLmpwZyIsInNsaWRlc2hvdyI6Ijk3MjQyNzcifQ%3D%3D\" href='https:\/\/klessinger.at\/wp-content\/uploads\/2024\/06\/DSC2000-scaled.jpg'><img decoding=\"async\" width=\"1024\" height=\"1536\" src=\"https:\/\/klessinger.at\/wp-content\/uploads\/2024\/06\/DSC2000-1024x1536.jpg\" class=\"attachment-1536x1536 size-1536x1536\" alt=\"\" aria-describedby=\"gallery-1-118\" srcset=\"https:\/\/klessinger.at\/wp-content\/uploads\/2024\/06\/DSC2000-1024x1536.jpg 1024w, https:\/\/klessinger.at\/wp-content\/uploads\/2024\/06\/DSC2000-200x300.jpg 200w, https:\/\/klessinger.at\/wp-content\/uploads\/2024\/06\/DSC2000-683x1024.jpg 683w, https:\/\/klessinger.at\/wp-content\/uploads\/2024\/06\/DSC2000-768x1152.jpg 768w, https:\/\/klessinger.at\/wp-content\/uploads\/2024\/06\/DSC2000-1365x2048.jpg 1365w, https:\/\/klessinger.at\/wp-content\/uploads\/2024\/06\/DSC2000-scaled.jpg 1707w\" sizes=\"100vw\" \/><\/a>\n\t\t\t<\/div>\n\t\t\t\t<figcaption class='wp-caption-text gallery-caption' id='gallery-1-118'>\n\t\t\t\tRiesling 8 \u20ac\n\t\t\t\t<\/figcaption><\/figure><figure class='gallery-item'>\n\t\t\t<div class='gallery-icon portrait'>\n\t\t\t\t<a data-elementor-open-lightbox=\"yes\" data-elementor-lightbox-slideshow=\"9724277\" data-elementor-lightbox-title=\"S\u00e4mling\" data-e-action-hash=\"#elementor-action%3Aaction%3Dlightbox%26settings%3DeyJpZCI6MTI0LCJ1cmwiOiJodHRwczpcL1wva2xlc3Npbmdlci5hdFwvd3AtY29udGVudFwvdXBsb2Fkc1wvMjAyNFwvMDZcL0RTQzIxMzUtc2NhbGVkLmpwZyIsInNsaWRlc2hvdyI6Ijk3MjQyNzcifQ%3D%3D\" data-elementor-lightbox-description=\"S\u00e4mling heute g\u00fcnstig morgen teuer\" href='https:\/\/klessinger.at\/wp-content\/uploads\/2024\/06\/DSC2135-scaled.jpg'><img decoding=\"async\" width=\"1020\" height=\"1536\" src=\"https:\/\/klessinger.at\/wp-content\/uploads\/2024\/06\/DSC2135-1020x1536.jpg\" class=\"attachment-1536x1536 size-1536x1536\" alt=\"\" aria-describedby=\"gallery-1-124\" srcset=\"https:\/\/klessinger.at\/wp-content\/uploads\/2024\/06\/DSC2135-1020x1536.jpg 1020w, https:\/\/klessinger.at\/wp-content\/uploads\/2024\/06\/DSC2135-199x300.jpg 199w, https:\/\/klessinger.at\/wp-content\/uploads\/2024\/06\/DSC2135-680x1024.jpg 680w, https:\/\/klessinger.at\/wp-content\/uploads\/2024\/06\/DSC2135-768x1157.jpg 768w, https:\/\/klessinger.at\/wp-content\/uploads\/2024\/06\/DSC2135-1360x2048.jpg 1360w, https:\/\/klessinger.at\/wp-content\/uploads\/2024\/06\/DSC2135-scaled.jpg 1700w\" sizes=\"100vw\" \/><\/a>\n\t\t\t<\/div>\n\t\t\t\t<figcaption class='wp-caption-text gallery-caption' id='gallery-1-124'>\n\t\t\t\tS\u00e4mling 8 \u20ac\n\t\t\t\t<\/figcaption><\/figure><figure class='gallery-item'>\n\t\t\t<div class='gallery-icon portrait'>\n\t\t\t\t<a data-elementor-open-lightbox=\"yes\" data-elementor-lightbox-slideshow=\"9724277\" data-elementor-lightbox-title=\"Welschriesling\" data-e-action-hash=\"#elementor-action%3Aaction%3Dlightbox%26settings%3DeyJpZCI6MTE2LCJ1cmwiOiJodHRwczpcL1wva2xlc3Npbmdlci5hdFwvd3AtY29udGVudFwvdXBsb2Fkc1wvMjAyNFwvMDZcL0RTQzE5OTAtc2NhbGVkLmpwZyIsInNsaWRlc2hvdyI6Ijk3MjQyNzcifQ%3D%3D\" data-elementor-lightbox-description=\"S\u00e4mling heute g\u00fcnstig morgen teuer\" href='https:\/\/klessinger.at\/wp-content\/uploads\/2024\/06\/DSC1990-scaled.jpg'><img loading=\"lazy\" decoding=\"async\" width=\"1025\" height=\"1536\" src=\"https:\/\/klessinger.at\/wp-content\/uploads\/2024\/06\/DSC1990-1025x1536.jpg\" class=\"attachment-1536x1536 size-1536x1536\" alt=\"\" aria-describedby=\"gallery-1-116\" srcset=\"https:\/\/klessinger.at\/wp-content\/uploads\/2024\/06\/DSC1990-1025x1536.jpg 1025w, https:\/\/klessinger.at\/wp-content\/uploads\/2024\/06\/DSC1990-200x300.jpg 200w, https:\/\/klessinger.at\/wp-content\/uploads\/2024\/06\/DSC1990-683x1024.jpg 683w, https:\/\/klessinger.at\/wp-content\/uploads\/2024\/06\/DSC1990-768x1151.jpg 768w, https:\/\/klessinger.at\/wp-content\/uploads\/2024\/06\/DSC1990-1367x2048.jpg 1367w, https:\/\/klessinger.at\/wp-content\/uploads\/2024\/06\/DSC1990-scaled.jpg 1709w\" sizes=\"100vw\" \/><\/a>\n\t\t\t<\/div>\n\t\t\t\t<figcaption class='wp-caption-text gallery-caption' id='gallery-1-116'>\n\t\t\t\tWelschriesling 7 \u20ac\n\t\t\t\t<\/figcaption><\/figure><figure class='gallery-item'>\n\t\t\t<div class='gallery-icon portrait'>\n\t\t\t\t<a data-elementor-open-lightbox=\"yes\" data-elementor-lightbox-slideshow=\"9724277\" data-elementor-lightbox-title=\"Heckn Champus\" data-e-action-hash=\"#elementor-action%3Aaction%3Dlightbox%26settings%3DeyJpZCI6MTE3LCJ1cmwiOiJodHRwczpcL1wva2xlc3Npbmdlci5hdFwvd3AtY29udGVudFwvdXBsb2Fkc1wvMjAyNFwvMDZcL0RTQzE5OTYtMS1zY2FsZWQuanBnIiwic2xpZGVzaG93IjoiOTcyNDI3NyJ9\" data-elementor-lightbox-description=\"S\u00e4mling heute g\u00fcnstig morgen teuer\" href='https:\/\/klessinger.at\/wp-content\/uploads\/2024\/06\/DSC1996-1-scaled.jpg'><img loading=\"lazy\" decoding=\"async\" width=\"1020\" height=\"1536\" src=\"https:\/\/klessinger.at\/wp-content\/uploads\/2024\/06\/DSC1996-1-1020x1536.jpg\" class=\"attachment-1536x1536 size-1536x1536\" alt=\"\" aria-describedby=\"gallery-1-117\" srcset=\"https:\/\/klessinger.at\/wp-content\/uploads\/2024\/06\/DSC1996-1-1020x1536.jpg 1020w, https:\/\/klessinger.at\/wp-content\/uploads\/2024\/06\/DSC1996-1-199x300.jpg 199w, https:\/\/klessinger.at\/wp-content\/uploads\/2024\/06\/DSC1996-1-680x1024.jpg 680w, https:\/\/klessinger.at\/wp-content\/uploads\/2024\/06\/DSC1996-1-768x1157.jpg 768w, https:\/\/klessinger.at\/wp-content\/uploads\/2024\/06\/DSC1996-1-1360x2048.jpg 1360w, https:\/\/klessinger.at\/wp-content\/uploads\/2024\/06\/DSC1996-1-scaled.jpg 1699w\" sizes=\"100vw\" \/><\/a>\n\t\t\t<\/div>\n\t\t\t\t<figcaption class='wp-caption-text gallery-caption' id='gallery-1-117'>\n\t\t\t\tHeckn Champus 9,50 \u20ac\n\t\t\t\t<\/figcaption><\/figure><figure class='gallery-item'>\n\t\t\t<div class='gallery-icon portrait'>\n\t\t\t\t<a data-elementor-open-lightbox=\"yes\" data-elementor-lightbox-slideshow=\"9724277\" data-elementor-lightbox-title=\"DSC2000-scaled\" data-e-action-hash=\"#elementor-action%3Aaction%3Dlightbox%26settings%3DeyJpZCI6NjM0LCJ1cmwiOiJodHRwczpcL1wva2xlc3Npbmdlci5hdFwvd3AtY29udGVudFwvdXBsb2Fkc1wvMjAyNVwvMDNcL0RTQzIwMDAtc2NhbGVkLTEuanBnIiwic2xpZGVzaG93IjoiOTcyNDI3NyJ9\" data-elementor-lightbox-description=\"S\u00e4mling heute g\u00fcnstig morgen teuer\" href='https:\/\/klessinger.at\/wp-content\/uploads\/2025\/03\/DSC2000-scaled-1.jpg'><img loading=\"lazy\" decoding=\"async\" width=\"1024\" height=\"1536\" src=\"https:\/\/klessinger.at\/wp-content\/uploads\/2025\/03\/DSC2000-scaled-1-1024x1536.jpg\" class=\"attachment-1536x1536 size-1536x1536\" alt=\"\" aria-describedby=\"gallery-1-634\" srcset=\"https:\/\/klessinger.at\/wp-content\/uploads\/2025\/03\/DSC2000-scaled-1-1024x1536.jpg 1024w, https:\/\/klessinger.at\/wp-content\/uploads\/2025\/03\/DSC2000-scaled-1-200x300.jpg 200w, https:\/\/klessinger.at\/wp-content\/uploads\/2025\/03\/DSC2000-scaled-1-683x1024.jpg 683w, https:\/\/klessinger.at\/wp-content\/uploads\/2025\/03\/DSC2000-scaled-1.jpg 1707w\" sizes=\"100vw\" \/><\/a>\n\t\t\t<\/div>\n\t\t\t\t<figcaption class='wp-caption-text gallery-caption' id='gallery-1-634'>\n\t\t\t\tS\u00e4mling Frizzante &#8211; 9,50 \u20ac\n\t\t\t\t<\/figcaption><\/figure><figure class='gallery-item'>\n\t\t\t<div class='gallery-icon portrait'>\n\t\t\t\t<a data-elementor-open-lightbox=\"yes\" data-elementor-lightbox-slideshow=\"9724277\" data-elementor-lightbox-title=\"Weisser Spritzer\" data-e-action-hash=\"#elementor-action%3Aaction%3Dlightbox%26settings%3DeyJpZCI6MTIxLCJ1cmwiOiJodHRwczpcL1wva2xlc3Npbmdlci5hdFwvd3AtY29udGVudFwvdXBsb2Fkc1wvMjAyNFwvMDZcL0RTQzIwNjUtc2NhbGVkLmpwZyIsInNsaWRlc2hvdyI6Ijk3MjQyNzcifQ%3D%3D\" data-elementor-lightbox-description=\"S\u00e4mling heute g\u00fcnstig morgen teuer\" href='https:\/\/klessinger.at\/wp-content\/uploads\/2024\/06\/DSC2065-scaled.jpg'><img loading=\"lazy\" decoding=\"async\" width=\"1013\" height=\"1536\" src=\"https:\/\/klessinger.at\/wp-content\/uploads\/2024\/06\/DSC2065-1013x1536.jpg\" class=\"attachment-1536x1536 size-1536x1536\" alt=\"\" aria-describedby=\"gallery-1-121\" srcset=\"https:\/\/klessinger.at\/wp-content\/uploads\/2024\/06\/DSC2065-1013x1536.jpg 1013w, https:\/\/klessinger.at\/wp-content\/uploads\/2024\/06\/DSC2065-198x300.jpg 198w, https:\/\/klessinger.at\/wp-content\/uploads\/2024\/06\/DSC2065-675x1024.jpg 675w, https:\/\/klessinger.at\/wp-content\/uploads\/2024\/06\/DSC2065-768x1165.jpg 768w, https:\/\/klessinger.at\/wp-content\/uploads\/2024\/06\/DSC2065-1350x2048.jpg 1350w, https:\/\/klessinger.at\/wp-content\/uploads\/2024\/06\/DSC2065-scaled.jpg 1688w\" sizes=\"100vw\" \/><\/a>\n\t\t\t<\/div>\n\t\t\t\t<figcaption class='wp-caption-text gallery-caption' id='gallery-1-121'>\n\t\t\t\tWeisser Spritzer 2 \u20ac\n\t\t\t\t<\/figcaption><\/figure><figure class='gallery-item'>\n\t\t\t<div class='gallery-icon portrait'>\n\t\t\t\t<a data-elementor-open-lightbox=\"yes\" data-elementor-lightbox-slideshow=\"9724277\" data-elementor-lightbox-title=\"Holunder Spritzer\" data-e-action-hash=\"#elementor-action%3Aaction%3Dlightbox%26settings%3DeyJpZCI6MTIyLCJ1cmwiOiJodHRwczpcL1wva2xlc3Npbmdlci5hdFwvd3AtY29udGVudFwvdXBsb2Fkc1wvMjAyNFwvMDZcL0RTQzIwODgtc2NhbGVkLmpwZyIsInNsaWRlc2hvdyI6Ijk3MjQyNzcifQ%3D%3D\" data-elementor-lightbox-description=\"Spritzer lecker\" href='https:\/\/klessinger.at\/wp-content\/uploads\/2024\/06\/DSC2088-scaled.jpg'><img loading=\"lazy\" decoding=\"async\" width=\"1021\" height=\"1536\" src=\"https:\/\/klessinger.at\/wp-content\/uploads\/2024\/06\/DSC2088-1021x1536.jpg\" class=\"attachment-1536x1536 size-1536x1536\" alt=\"\" aria-describedby=\"gallery-1-122\" srcset=\"https:\/\/klessinger.at\/wp-content\/uploads\/2024\/06\/DSC2088-1021x1536.jpg 1021w, https:\/\/klessinger.at\/wp-content\/uploads\/2024\/06\/DSC2088-199x300.jpg 199w, https:\/\/klessinger.at\/wp-content\/uploads\/2024\/06\/DSC2088-681x1024.jpg 681w, https:\/\/klessinger.at\/wp-content\/uploads\/2024\/06\/DSC2088-768x1155.jpg 768w, https:\/\/klessinger.at\/wp-content\/uploads\/2024\/06\/DSC2088-1362x2048.jpg 1362w, https:\/\/klessinger.at\/wp-content\/uploads\/2024\/06\/DSC2088-scaled.jpg 1702w\" sizes=\"100vw\" \/><\/a>\n\t\t\t<\/div>\n\t\t\t\t<figcaption class='wp-caption-text gallery-caption' id='gallery-1-122'>\n\t\t\t\tHolunder Spritzer 2 \u20ac\n\t\t\t\t<\/figcaption><\/figure><figure class='gallery-item'>\n\t\t\t<div class='gallery-icon portrait'>\n\t\t\t\t<a data-elementor-open-lightbox=\"yes\" data-elementor-lightbox-slideshow=\"9724277\" data-elementor-lightbox-title=\"Heckn Spritzer\" data-e-action-hash=\"#elementor-action%3Aaction%3Dlightbox%26settings%3DeyJpZCI6MTIwLCJ1cmwiOiJodHRwczpcL1wva2xlc3Npbmdlci5hdFwvd3AtY29udGVudFwvdXBsb2Fkc1wvMjAyNFwvMDZcL0RTQzIwNTQtc2NhbGVkLmpwZyIsInNsaWRlc2hvdyI6Ijk3MjQyNzcifQ%3D%3D\" data-elementor-lightbox-description=\"Spritzer lecker\" href='https:\/\/klessinger.at\/wp-content\/uploads\/2024\/06\/DSC2054-scaled.jpg'><img loading=\"lazy\" decoding=\"async\" width=\"1017\" height=\"1536\" src=\"https:\/\/klessinger.at\/wp-content\/uploads\/2024\/06\/DSC2054-1017x1536.jpg\" class=\"attachment-1536x1536 size-1536x1536\" alt=\"\" aria-describedby=\"gallery-1-120\" srcset=\"https:\/\/klessinger.at\/wp-content\/uploads\/2024\/06\/DSC2054-1017x1536.jpg 1017w, https:\/\/klessinger.at\/wp-content\/uploads\/2024\/06\/DSC2054-199x300.jpg 199w, https:\/\/klessinger.at\/wp-content\/uploads\/2024\/06\/DSC2054-678x1024.jpg 678w, https:\/\/klessinger.at\/wp-content\/uploads\/2024\/06\/DSC2054-768x1160.jpg 768w, https:\/\/klessinger.at\/wp-content\/uploads\/2024\/06\/DSC2054-1356x2048.jpg 1356w, https:\/\/klessinger.at\/wp-content\/uploads\/2024\/06\/DSC2054-scaled.jpg 1696w\" sizes=\"100vw\" \/><\/a>\n\t\t\t<\/div>\n\t\t\t\t<figcaption class='wp-caption-text gallery-caption' id='gallery-1-120'>\n\t\t\t\tHeckn Spritzer 2 \u20ac\n\t\t\t\t<\/figcaption><\/figure>\n\t\t<\/div>\n\t\t<\/div>\n\t\t\t\t\t\t<\/div>\n\t\t\t\t<\/div>\n\t\t\t\t\t<\/div>\n\t\t\t\t<\/div>\n\t\t\t\t<\/div>\n\t\t","protected":false},"excerpt":{"rendered":"<p>Unsere Weine Entdecken Sie die einzigartigen Weine des Weinguts Klessinger. Jeder Wein aus unserem Sortiment erz\u00e4hlt die reiche Geschichte der Seefahrt unseres Gr\u00fcnders Andreas und seiner Leidenschaft f\u00fcr die Weinherstellung. Hier finden Sie eine Liste unserer aktuellen Weine. Z\u00f6gern Sie nicht, uns zu kontaktieren, wenn Sie an einem unserer Weine interessiert sind oder eine Empfehlung &hellip; <\/p>\n<p class=\"link-more\"><a href=\"https:\/\/klessinger.at\/index.php\/weine\/\" class=\"more-link\">Mehr <span class=\"screen-reader-text\">\u00fcber &#8222;Unsere Weine&#8220; <\/span>Lesen<\/a><\/p>\n","protected":false},"author":1,"featured_media":0,"parent":0,"menu_order":0,"comment_status":"closed","ping_status":"closed","template":"elementor_header_footer","meta":{"om_disable_all_campaigns":false,"_monsterinsights_skip_tracking":false,"_monsterinsights_sitenote_active":false,"_monsterinsights_sitenote_note":"","_monsterinsights_sitenote_category":0,"_uf_show_specific_survey":0,"_uf_disable_surveys":false,"footnotes":""},"class_list":["post-84","page","type-page","status-publish","hentry"],"aioseo_notices":[],"_links":{"self":[{"href":"https:\/\/klessinger.at\/index.php\/wp-json\/wp\/v2\/pages\/84","targetHints":{"allow":["GET"]}}],"collection":[{"href":"https:\/\/klessinger.at\/index.php\/wp-json\/wp\/v2\/pages"}],"about":[{"href":"https:\/\/klessinger.at\/index.php\/wp-json\/wp\/v2\/types\/page"}],"author":[{"embeddable":true,"href":"https:\/\/klessinger.at\/index.php\/wp-json\/wp\/v2\/users\/1"}],"replies":[{"embeddable":true,"href":"https:\/\/klessinger.at\/index.php\/wp-json\/wp\/v2\/comments?post=84"}],"version-history":[{"count":61,"href":"https:\/\/klessinger.at\/index.php\/wp-json\/wp\/v2\/pages\/84\/revisions"}],"predecessor-version":[{"id":637,"href":"https:\/\/klessinger.at\/index.php\/wp-json\/wp\/v2\/pages\/84\/revisions\/637"}],"wp:attachment":[{"href":"https:\/\/klessinger.at\/index.php\/wp-json\/wp\/v2\/media?parent=84"}],"curies":[{"name":"wp","href":"https:\/\/api.w.org\/{rel}","templated":true}]}}